{"id":315,"date":"2017-04-17T19:49:07","date_gmt":"2017-04-17T19:49:07","guid":{"rendered":"http:\/\/mastertraduction.parisnanterre.fr\/?page_id=315"},"modified":"2019-05-19T19:24:34","modified_gmt":"2019-05-19T19:24:34","slug":"anciens-du-m2","status":"publish","type":"page","link":"https:\/\/mastertraduction.parisnanterre.fr\/","title":{"rendered":"Anciens du M2"},"content":{"rendered":"\n<p>Vous \u00eates ancien \u00e9tudiant du DESS \/ M2 et vous souhaitez modifier votre profil ?<br>Vous ne faites pas partie de la liste de diffusion ?<br>Vous souhaitez faire passer un message \u00e0 tous les anciens du M2 ?<\/p>\n\n\n\n<p>&gt; <a href=\"anne.cremieux@parisnanterre.fr\">Ecrire \u00e0 la responsable<\/a><\/p>\n\n\n\t\t<div class=\"pciwgas-cat-wrap pciwgas-cat-wrap-slider pciwgas-clearfix pciwgas-design-1 \">\n\t\t\t<div id=\"pciwgas-1\" class=\"pciwgas-cat-slider-main\" data-conf=\"{&quot;slidestoshow&quot;:3,&quot;slidestoscroll&quot;:1,&quot;loop&quot;:&quot;true&quot;,&quot;dots&quot;:&quot;true&quot;,&quot;arrows&quot;:&quot;true&quot;,&quot;autoplay&quot;:&quot;false&quot;,&quot;autoplay_interval&quot;:3000,&quot;speed&quot;:300,&quot;rtl&quot;:&quot;false&quot;}\">\n\t\t\t\t\t\t\t\t\t<div class=\"pciwgas-pdt-cat-slider\">\n\t\t\t\t\t\t<div class=\"pciwgas-post-cat-inner\">\n\t\t\t\t\t\t\t<div class=\"pciwgas-img-wrapper\">\n\t\t\t\t\t\t\t\t\t\t\t\t\t\t\t<\/div>\n\n\t\t\t\t\t\t\t<div class=\"pciwgas-title\">\n\t\t\t\t\t\t\t\t\t\t\t\t\t\t\t\t\t<a href=\"https:\/\/mastertraduction.parisnanterre.fr\/?cat=62\">1999-2000 <\/a>\n\t\t\t\t\t\t\t\t\t\t\t\t\t\t\t\t\t<span class=\"pciwgas-cat-count\">14<\/span>\n\t\t\t\t\t\t\t\t\t\t\t\t\t\t\t<\/div>\n\n\t\t\t\t\t\t\t\t\t\t\t\t\t<\/div>\n\t\t\t\t\t<\/div>\n\t\t\t\t\t\t\t\t\t<div class=\"pciwgas-pdt-cat-slider\">\n\t\t\t\t\t\t<div class=\"pciwgas-post-cat-inner\">\n\t\t\t\t\t\t\t<div class=\"pciwgas-img-wrapper\">\n\t\t\t\t\t\t\t\t\t\t\t\t\t\t\t<\/div>\n\n\t\t\t\t\t\t\t<div class=\"pciwgas-title\">\n\t\t\t\t\t\t\t\t\t\t\t\t\t\t\t\t\t<a href=\"https:\/\/mastertraduction.parisnanterre.fr\/?cat=61\">2000-2001 <\/a>\n\t\t\t\t\t\t\t\t\t\t\t\t\t\t\t\t\t<span class=\"pciwgas-cat-count\">11<\/span>\n\t\t\t\t\t\t\t\t\t\t\t\t\t\t\t<\/div>\n\n\t\t\t\t\t\t\t\t\t\t\t\t\t<\/div>\n\t\t\t\t\t<\/div>\n\t\t\t\t\t\t\t\t\t<div class=\"pciwgas-pdt-cat-slider\">\n\t\t\t\t\t\t<div class=\"pciwgas-post-cat-inner\">\n\t\t\t\t\t\t\t<div class=\"pciwgas-img-wrapper\">\n\t\t\t\t\t\t\t\t\t\t\t\t\t\t\t<\/div>\n\n\t\t\t\t\t\t\t<div class=\"pciwgas-title\">\n\t\t\t\t\t\t\t\t\t\t\t\t\t\t\t\t\t<a href=\"https:\/\/mastertraduction.parisnanterre.fr\/?cat=60\">2001-2002 <\/a>\n\t\t\t\t\t\t\t\t\t\t\t\t\t\t\t\t\t<span class=\"pciwgas-cat-count\">9<\/span>\n\t\t\t\t\t\t\t\t\t\t\t\t\t\t\t<\/div>\n\n\t\t\t\t\t\t\t\t\t\t\t\t\t<\/div>\n\t\t\t\t\t<\/div>\n\t\t\t\t\t\t\t\t\t<div class=\"pciwgas-pdt-cat-slider\">\n\t\t\t\t\t\t<div class=\"pciwgas-post-cat-inner\">\n\t\t\t\t\t\t\t<div class=\"pciwgas-img-wrapper\">\n\t\t\t\t\t\t\t\t\t\t\t\t\t\t\t<\/div>\n\n\t\t\t\t\t\t\t<div class=\"pciwgas-title\">\n\t\t\t\t\t\t\t\t\t\t\t\t\t\t\t\t\t<a href=\"https:\/\/mastertraduction.parisnanterre.fr\/?cat=59\">2002-2003 <\/a>\n\t\t\t\t\t\t\t\t\t\t\t\t\t\t\t\t\t<span class=\"pciwgas-cat-count\">9<\/span>\n\t\t\t\t\t\t\t\t\t\t\t\t\t\t\t<\/div>\n\n\t\t\t\t\t\t\t\t\t\t\t\t\t<\/div>\n\t\t\t\t\t<\/div>\n\t\t\t\t\t\t\t\t\t<div class=\"pciwgas-pdt-cat-slider\">\n\t\t\t\t\t\t<div class=\"pciwgas-post-cat-inner\">\n\t\t\t\t\t\t\t<div class=\"pciwgas-img-wrapper\">\n\t\t\t\t\t\t\t\t\t\t\t\t\t\t\t<\/div>\n\n\t\t\t\t\t\t\t<div class=\"pciwgas-title\">\n\t\t\t\t\t\t\t\t\t\t\t\t\t\t\t\t\t<a href=\"https:\/\/mastertraduction.parisnanterre.fr\/?cat=58\">2003-2004 <\/a>\n\t\t\t\t\t\t\t\t\t\t\t\t\t\t\t\t\t<span class=\"pciwgas-cat-count\">10<\/span>\n\t\t\t\t\t\t\t\t\t\t\t\t\t\t\t<\/div>\n\n\t\t\t\t\t\t\t\t\t\t\t\t\t<\/div>\n\t\t\t\t\t<\/div>\n\t\t\t\t\t\t\t\t\t<div class=\"pciwgas-pdt-cat-slider\">\n\t\t\t\t\t\t<div class=\"pciwgas-post-cat-inner\">\n\t\t\t\t\t\t\t<div class=\"pciwgas-img-wrapper\">\n\t\t\t\t\t\t\t\t\t\t\t\t\t\t\t\t\t<a href=\"https:\/\/mastertraduction.parisnanterre.fr\/?cat=57\"><img src=\"https:\/\/i0.wp.com\/mastertraduction.parisnanterre.fr\/wp-content\/uploads\/2017\/10\/Promo-2004-05.jpeg?fit=283%2C212&#038;ssl=1\" class=\"pciwgas-cat-img\" alt=\"2004-2005\" \/><\/a>\n\t\t\t\t\t\t\t\t\t\t\t\t\t\t\t<\/div>\n\n\t\t\t\t\t\t\t<div class=\"pciwgas-title\">\n\t\t\t\t\t\t\t\t\t\t\t\t\t\t\t\t\t<a href=\"https:\/\/mastertraduction.parisnanterre.fr\/?cat=57\">2004-2005 <\/a>\n\t\t\t\t\t\t\t\t\t\t\t\t\t\t\t\t\t<span class=\"pciwgas-cat-count\">18<\/span>\n\t\t\t\t\t\t\t\t\t\t\t\t\t\t\t<\/div>\n\n\t\t\t\t\t\t\t\t\t\t\t\t\t<\/div>\n\t\t\t\t\t<\/div>\n\t\t\t\t\t\t\t\t\t<div class=\"pciwgas-pdt-cat-slider\">\n\t\t\t\t\t\t<div class=\"pciwgas-post-cat-inner\">\n\t\t\t\t\t\t\t<div class=\"pciwgas-img-wrapper\">\n\t\t\t\t\t\t\t\t\t\t\t\t\t\t\t<\/div>\n\n\t\t\t\t\t\t\t<div class=\"pciwgas-title\">\n\t\t\t\t\t\t\t\t\t\t\t\t\t\t\t\t\t<a href=\"https:\/\/mastertraduction.parisnanterre.fr\/?cat=64\">2005-2006 <\/a>\n\t\t\t\t\t\t\t\t\t\t\t\t\t\t\t\t\t<span class=\"pciwgas-cat-count\">15<\/span>\n\t\t\t\t\t\t\t\t\t\t\t\t\t\t\t<\/div>\n\n\t\t\t\t\t\t\t\t\t\t\t\t\t<\/div>\n\t\t\t\t\t<\/div>\n\t\t\t\t\t\t\t\t\t<div class=\"pciwgas-pdt-cat-slider\">\n\t\t\t\t\t\t<div class=\"pciwgas-post-cat-inner\">\n\t\t\t\t\t\t\t<div class=\"pciwgas-img-wrapper\">\n\t\t\t\t\t\t\t\t\t\t\t\t\t\t\t\t\t<a href=\"https:\/\/mastertraduction.parisnanterre.fr\/?cat=65\"><img src=\"https:\/\/i0.wp.com\/mastertraduction.parisnanterre.fr\/wp-content\/uploads\/2017\/10\/Promo-2006-07.jpg?fit=2048%2C1536&#038;ssl=1\" class=\"pciwgas-cat-img\" alt=\"2006-2007\" \/><\/a>\n\t\t\t\t\t\t\t\t\t\t\t\t\t\t\t<\/div>\n\n\t\t\t\t\t\t\t<div class=\"pciwgas-title\">\n\t\t\t\t\t\t\t\t\t\t\t\t\t\t\t\t\t<a href=\"https:\/\/mastertraduction.parisnanterre.fr\/?cat=65\">2006-2007 <\/a>\n\t\t\t\t\t\t\t\t\t\t\t\t\t\t\t\t\t<span class=\"pciwgas-cat-count\">16<\/span>\n\t\t\t\t\t\t\t\t\t\t\t\t\t\t\t<\/div>\n\n\t\t\t\t\t\t\t\t\t\t\t\t\t<\/div>\n\t\t\t\t\t<\/div>\n\t\t\t\t\t\t\t\t\t<div class=\"pciwgas-pdt-cat-slider\">\n\t\t\t\t\t\t<div class=\"pciwgas-post-cat-inner\">\n\t\t\t\t\t\t\t<div class=\"pciwgas-img-wrapper\">\n\t\t\t\t\t\t\t\t\t\t\t\t\t\t\t<\/div>\n\n\t\t\t\t\t\t\t<div class=\"pciwgas-title\">\n\t\t\t\t\t\t\t\t\t\t\t\t\t\t\t\t\t<a href=\"https:\/\/mastertraduction.parisnanterre.fr\/?cat=91\">2007-2008 <\/a>\n\t\t\t\t\t\t\t\t\t\t\t\t\t\t\t\t\t<span class=\"pciwgas-cat-count\">18<\/span>\n\t\t\t\t\t\t\t\t\t\t\t\t\t\t\t<\/div>\n\n\t\t\t\t\t\t\t\t\t\t\t\t\t<\/div>\n\t\t\t\t\t<\/div>\n\t\t\t\t\t\t\t\t\t<div class=\"pciwgas-pdt-cat-slider\">\n\t\t\t\t\t\t<div class=\"pciwgas-post-cat-inner\">\n\t\t\t\t\t\t\t<div class=\"pciwgas-img-wrapper\">\n\t\t\t\t\t\t\t\t\t\t\t\t\t\t\t\t\t<a href=\"https:\/\/mastertraduction.parisnanterre.fr\/?cat=94\"><img src=\"https:\/\/i0.wp.com\/mastertraduction.parisnanterre.fr\/wp-content\/uploads\/2017\/10\/Promo-2008-2009.jpg?fit=2560%2C1920&#038;ssl=1\" class=\"pciwgas-cat-img\" alt=\"2008-2009\" \/><\/a>\n\t\t\t\t\t\t\t\t\t\t\t\t\t\t\t<\/div>\n\n\t\t\t\t\t\t\t<div class=\"pciwgas-title\">\n\t\t\t\t\t\t\t\t\t\t\t\t\t\t\t\t\t<a href=\"https:\/\/mastertraduction.parisnanterre.fr\/?cat=94\">2008-2009 <\/a>\n\t\t\t\t\t\t\t\t\t\t\t\t\t\t\t\t\t<span class=\"pciwgas-cat-count\">18<\/span>\n\t\t\t\t\t\t\t\t\t\t\t\t\t\t\t<\/div>\n\n\t\t\t\t\t\t\t\t\t\t\t\t\t<\/div>\n\t\t\t\t\t<\/div>\n\t\t\t\t\t\t\t\t\t<div class=\"pciwgas-pdt-cat-slider\">\n\t\t\t\t\t\t<div class=\"pciwgas-post-cat-inner\">\n\t\t\t\t\t\t\t<div class=\"pciwgas-img-wrapper\">\n\t\t\t\t\t\t\t\t\t\t\t\t\t\t\t\t\t<a href=\"https:\/\/mastertraduction.parisnanterre.fr\/?cat=98\"><img src=\"https:\/\/i0.wp.com\/mastertraduction.parisnanterre.fr\/wp-content\/uploads\/2017\/10\/Promo-2009-10.jpeg?fit=456%2C342&#038;ssl=1\" class=\"pciwgas-cat-img\" alt=\"2009-2010\" \/><\/a>\n\t\t\t\t\t\t\t\t\t\t\t\t\t\t\t<\/div>\n\n\t\t\t\t\t\t\t<div class=\"pciwgas-title\">\n\t\t\t\t\t\t\t\t\t\t\t\t\t\t\t\t\t<a href=\"https:\/\/mastertraduction.parisnanterre.fr\/?cat=98\">2009-2010 <\/a>\n\t\t\t\t\t\t\t\t\t\t\t\t\t\t\t\t\t<span class=\"pciwgas-cat-count\">26<\/span>\n\t\t\t\t\t\t\t\t\t\t\t\t\t\t\t<\/div>\n\n\t\t\t\t\t\t\t\t\t\t\t\t\t<\/div>\n\t\t\t\t\t<\/div>\n\t\t\t\t\t\t\t\t\t<div class=\"pciwgas-pdt-cat-slider\">\n\t\t\t\t\t\t<div class=\"pciwgas-post-cat-inner\">\n\t\t\t\t\t\t\t<div class=\"pciwgas-img-wrapper\">\n\t\t\t\t\t\t\t\t\t\t\t\t\t\t\t\t\t<a href=\"https:\/\/mastertraduction.parisnanterre.fr\/?cat=107\"><img src=\"https:\/\/i0.wp.com\/mastertraduction.parisnanterre.fr\/wp-content\/uploads\/2017\/10\/Promo-2010-11.jpg?fit=4320%2C3240&#038;ssl=1\" class=\"pciwgas-cat-img\" alt=\"2010-2011\" \/><\/a>\n\t\t\t\t\t\t\t\t\t\t\t\t\t\t\t<\/div>\n\n\t\t\t\t\t\t\t<div class=\"pciwgas-title\">\n\t\t\t\t\t\t\t\t\t\t\t\t\t\t\t\t\t<a href=\"https:\/\/mastertraduction.parisnanterre.fr\/?cat=107\">2010-2011 <\/a>\n\t\t\t\t\t\t\t\t\t\t\t\t\t\t\t\t\t<span class=\"pciwgas-cat-count\">27<\/span>\n\t\t\t\t\t\t\t\t\t\t\t\t\t\t\t<\/div>\n\n\t\t\t\t\t\t\t\t\t\t\t\t\t<\/div>\n\t\t\t\t\t<\/div>\n\t\t\t\t\t\t\t\t\t<div class=\"pciwgas-pdt-cat-slider\">\n\t\t\t\t\t\t<div class=\"pciwgas-post-cat-inner\">\n\t\t\t\t\t\t\t<div class=\"pciwgas-img-wrapper\">\n\t\t\t\t\t\t\t\t\t\t\t\t\t\t\t\t\t<a href=\"https:\/\/mastertraduction.parisnanterre.fr\/?cat=117\"><img src=\"https:\/\/i0.wp.com\/mastertraduction.parisnanterre.fr\/wp-content\/uploads\/2017\/10\/promo-2011-12.jpg?fit=400%2C240&#038;ssl=1\" class=\"pciwgas-cat-img\" alt=\"2011-2012\" \/><\/a>\n\t\t\t\t\t\t\t\t\t\t\t\t\t\t\t<\/div>\n\n\t\t\t\t\t\t\t<div class=\"pciwgas-title\">\n\t\t\t\t\t\t\t\t\t\t\t\t\t\t\t\t\t<a href=\"https:\/\/mastertraduction.parisnanterre.fr\/?cat=117\">2011-2012 <\/a>\n\t\t\t\t\t\t\t\t\t\t\t\t\t\t\t\t\t<span class=\"pciwgas-cat-count\">20<\/span>\n\t\t\t\t\t\t\t\t\t\t\t\t\t\t\t<\/div>\n\n\t\t\t\t\t\t\t\t\t\t\t\t\t<\/div>\n\t\t\t\t\t<\/div>\n\t\t\t\t\t\t\t\t\t<div class=\"pciwgas-pdt-cat-slider\">\n\t\t\t\t\t\t<div class=\"pciwgas-post-cat-inner\">\n\t\t\t\t\t\t\t<div class=\"pciwgas-img-wrapper\">\n\t\t\t\t\t\t\t\t\t\t\t\t\t\t\t\t\t<a href=\"https:\/\/mastertraduction.parisnanterre.fr\/?cat=121\"><img src=\"https:\/\/i0.wp.com\/mastertraduction.parisnanterre.fr\/wp-content\/uploads\/2017\/10\/Promo-2012-13.jpg?fit=631%2C474&#038;ssl=1\" class=\"pciwgas-cat-img\" alt=\"2012-2013\" \/><\/a>\n\t\t\t\t\t\t\t\t\t\t\t\t\t\t\t<\/div>\n\n\t\t\t\t\t\t\t<div class=\"pciwgas-title\">\n\t\t\t\t\t\t\t\t\t\t\t\t\t\t\t\t\t<a href=\"https:\/\/mastertraduction.parisnanterre.fr\/?cat=121\">2012-2013 <\/a>\n\t\t\t\t\t\t\t\t\t\t\t\t\t\t\t\t\t<span class=\"pciwgas-cat-count\">29<\/span>\n\t\t\t\t\t\t\t\t\t\t\t\t\t\t\t<\/div>\n\n\t\t\t\t\t\t\t\t\t\t\t\t\t<\/div>\n\t\t\t\t\t<\/div>\n\t\t\t\t\t\t\t\t\t<div class=\"pciwgas-pdt-cat-slider\">\n\t\t\t\t\t\t<div class=\"pciwgas-post-cat-inner\">\n\t\t\t\t\t\t\t<div class=\"pciwgas-img-wrapper\">\n\t\t\t\t\t\t\t\t\t\t\t\t\t\t\t\t\t<a href=\"https:\/\/mastertraduction.parisnanterre.fr\/?cat=120\"><img src=\"https:\/\/i0.wp.com\/mastertraduction.parisnanterre.fr\/wp-content\/uploads\/2017\/10\/Promo-2013-14.jpg?fit=2896%2C1944&#038;ssl=1\" class=\"pciwgas-cat-img\" alt=\"2013-2014\" \/><\/a>\n\t\t\t\t\t\t\t\t\t\t\t\t\t\t\t<\/div>\n\n\t\t\t\t\t\t\t<div class=\"pciwgas-title\">\n\t\t\t\t\t\t\t\t\t\t\t\t\t\t\t\t\t<a href=\"https:\/\/mastertraduction.parisnanterre.fr\/?cat=120\">2013-2014 <\/a>\n\t\t\t\t\t\t\t\t\t\t\t\t\t\t\t\t\t<span class=\"pciwgas-cat-count\">24<\/span>\n\t\t\t\t\t\t\t\t\t\t\t\t\t\t\t<\/div>\n\n\t\t\t\t\t\t\t\t\t\t\t\t\t\t\t<div class=\"pciwgas-description\">\n\t\t\t\t\t\t\t\t\t<div class=\"pciwgas-cat-desc\"><p>Quelques photos de la semaine \u00e0 Biarritz <\/p>\n<\/div>\n\t\t\t\t\t\t\t\t<\/div>\n\t\t\t\t\t\t\t\t\t\t\t\t\t<\/div>\n\t\t\t\t\t<\/div>\n\t\t\t\t\t\t\t\t\t<div class=\"pciwgas-pdt-cat-slider\">\n\t\t\t\t\t\t<div class=\"pciwgas-post-cat-inner\">\n\t\t\t\t\t\t\t<div class=\"pciwgas-img-wrapper\">\n\t\t\t\t\t\t\t\t\t\t\t\t\t\t\t\t\t<a href=\"https:\/\/mastertraduction.parisnanterre.fr\/?cat=132\"><img src=\"https:\/\/i0.wp.com\/mastertraduction.parisnanterre.fr\/wp-content\/uploads\/2017\/10\/Promo-2014-15.jpg?fit=960%2C720&#038;ssl=1\" class=\"pciwgas-cat-img\" alt=\"2014-2015\" \/><\/a>\n\t\t\t\t\t\t\t\t\t\t\t\t\t\t\t<\/div>\n\n\t\t\t\t\t\t\t<div class=\"pciwgas-title\">\n\t\t\t\t\t\t\t\t\t\t\t\t\t\t\t\t\t<a href=\"https:\/\/mastertraduction.parisnanterre.fr\/?cat=132\">2014-2015 <\/a>\n\t\t\t\t\t\t\t\t\t\t\t\t\t\t\t\t\t<span class=\"pciwgas-cat-count\">20<\/span>\n\t\t\t\t\t\t\t\t\t\t\t\t\t\t\t<\/div>\n\n\t\t\t\t\t\t\t\t\t\t\t\t\t<\/div>\n\t\t\t\t\t<\/div>\n\t\t\t\t\t\t\t\t\t<div class=\"pciwgas-pdt-cat-slider\">\n\t\t\t\t\t\t<div class=\"pciwgas-post-cat-inner\">\n\t\t\t\t\t\t\t<div class=\"pciwgas-img-wrapper\">\n\t\t\t\t\t\t\t\t\t\t\t\t\t\t\t\t\t<a href=\"https:\/\/mastertraduction.parisnanterre.fr\/?cat=172\"><img src=\"https:\/\/i0.wp.com\/mastertraduction.parisnanterre.fr\/wp-content\/uploads\/2017\/10\/2015-16.jpg?fit=2560%2C1536&#038;ssl=1\" class=\"pciwgas-cat-img\" alt=\"2015-2016\" \/><\/a>\n\t\t\t\t\t\t\t\t\t\t\t\t\t\t\t<\/div>\n\n\t\t\t\t\t\t\t<div class=\"pciwgas-title\">\n\t\t\t\t\t\t\t\t\t\t\t\t\t\t\t\t\t<a href=\"https:\/\/mastertraduction.parisnanterre.fr\/?cat=172\">2015-2016 <\/a>\n\t\t\t\t\t\t\t\t\t\t\t\t\t\t\t\t\t<span class=\"pciwgas-cat-count\">12<\/span>\n\t\t\t\t\t\t\t\t\t\t\t\t\t\t\t<\/div>\n\n\t\t\t\t\t\t\t\t\t\t\t\t\t<\/div>\n\t\t\t\t\t<\/div>\n\t\t\t\t\t\t\t\t\t<div class=\"pciwgas-pdt-cat-slider\">\n\t\t\t\t\t\t<div class=\"pciwgas-post-cat-inner\">\n\t\t\t\t\t\t\t<div class=\"pciwgas-img-wrapper\">\n\t\t\t\t\t\t\t\t\t\t\t\t\t\t\t\t\t<a href=\"https:\/\/mastertraduction.parisnanterre.fr\/?cat=177\"><img src=\"https:\/\/i0.wp.com\/mastertraduction.parisnanterre.fr\/wp-content\/uploads\/2017\/10\/Promo-2016-17.jpeg?fit=1576%2C1051&#038;ssl=1\" class=\"pciwgas-cat-img\" alt=\"2016-2017\" \/><\/a>\n\t\t\t\t\t\t\t\t\t\t\t\t\t\t\t<\/div>\n\n\t\t\t\t\t\t\t<div class=\"pciwgas-title\">\n\t\t\t\t\t\t\t\t\t\t\t\t\t\t\t\t\t<a href=\"https:\/\/mastertraduction.parisnanterre.fr\/?cat=177\">2016-2017 <\/a>\n\t\t\t\t\t\t\t\t\t\t\t\t\t\t\t\t\t<span class=\"pciwgas-cat-count\">1<\/span>\n\t\t\t\t\t\t\t\t\t\t\t\t\t\t\t<\/div>\n\n\t\t\t\t\t\t\t\t\t\t\t\t\t<\/div>\n\t\t\t\t\t<\/div>\n\t\t\t\t\t\t\t\t\t<div class=\"pciwgas-pdt-cat-slider\">\n\t\t\t\t\t\t<div class=\"pciwgas-post-cat-inner\">\n\t\t\t\t\t\t\t<div class=\"pciwgas-img-wrapper\">\n\t\t\t\t\t\t\t\t\t\t\t\t\t\t\t\t\t<a href=\"https:\/\/mastertraduction.parisnanterre.fr\/?cat=173\"><img src=\"https:\/\/i0.wp.com\/mastertraduction.parisnanterre.fr\/wp-content\/uploads\/2017\/10\/Promo-2016-17.jpeg?fit=1576%2C1051&#038;ssl=1\" class=\"pciwgas-cat-img\" alt=\"2016-2017\" \/><\/a>\n\t\t\t\t\t\t\t\t\t\t\t\t\t\t\t<\/div>\n\n\t\t\t\t\t\t\t<div class=\"pciwgas-title\">\n\t\t\t\t\t\t\t\t\t\t\t\t\t\t\t\t\t<a href=\"https:\/\/mastertraduction.parisnanterre.fr\/?cat=173\">2016-2017 <\/a>\n\t\t\t\t\t\t\t\t\t\t\t\t\t\t\t\t\t<span class=\"pciwgas-cat-count\">11<\/span>\n\t\t\t\t\t\t\t\t\t\t\t\t\t\t\t<\/div>\n\n\t\t\t\t\t\t\t\t\t\t\t\t\t<\/div>\n\t\t\t\t\t<\/div>\n\t\t\t\t\t\t\t\t\t<div class=\"pciwgas-pdt-cat-slider\">\n\t\t\t\t\t\t<div class=\"pciwgas-post-cat-inner\">\n\t\t\t\t\t\t\t<div class=\"pciwgas-img-wrapper\">\n\t\t\t\t\t\t\t\t\t\t\t\t\t\t\t<\/div>\n\n\t\t\t\t\t\t\t<div class=\"pciwgas-title\">\n\t\t\t\t\t\t\t\t\t\t\t\t\t\t\t\t\t<a href=\"https:\/\/mastertraduction.parisnanterre.fr\/?cat=174\">2017-2018 <\/a>\n\t\t\t\t\t\t\t\t\t\t\t\t\t\t\t\t\t<span class=\"pciwgas-cat-count\">14<\/span>\n\t\t\t\t\t\t\t\t\t\t\t\t\t\t\t<\/div>\n\n\t\t\t\t\t\t\t\t\t\t\t\t\t<\/div>\n\t\t\t\t\t<\/div>\n\t\t\t\t\t\t\t\t\t<div class=\"pciwgas-pdt-cat-slider\">\n\t\t\t\t\t\t<div class=\"pciwgas-post-cat-inner\">\n\t\t\t\t\t\t\t<div class=\"pciwgas-img-wrapper\">\n\t\t\t\t\t\t\t\t\t\t\t\t\t\t\t<\/div>\n\n\t\t\t\t\t\t\t<div class=\"pciwgas-title\">\n\t\t\t\t\t\t\t\t\t\t\t\t\t\t\t\t\t<a href=\"https:\/\/mastertraduction.parisnanterre.fr\/?cat=1\">Master 2 Traduction et interpr\u00e9tation <\/a>\n\t\t\t\t\t\t\t\t\t\t\t\t\t\t\t\t\t<span class=\"pciwgas-cat-count\">1<\/span>\n\t\t\t\t\t\t\t\t\t\t\t\t\t\t\t<\/div>\n\n\t\t\t\t\t\t\t\t\t\t\t\t\t<\/div>\n\t\t\t\t\t<\/div>\n\t\t\t\t\t\t\t\t\t<div class=\"pciwgas-pdt-cat-slider\">\n\t\t\t\t\t\t<div class=\"pciwgas-post-cat-inner\">\n\t\t\t\t\t\t\t<div class=\"pciwgas-img-wrapper\">\n\t\t\t\t\t\t\t\t\t\t\t\t\t\t\t<\/div>\n\n\t\t\t\t\t\t\t<div class=\"pciwgas-title\">\n\t\t\t\t\t\t\t\t\t\t\t\t\t\t\t\t\t<a href=\"https:\/\/mastertraduction.parisnanterre.fr\/?cat=145\">Non class\u00e9 <\/a>\n\t\t\t\t\t\t\t\t\t\t\t\t\t\t\t\t\t<span class=\"pciwgas-cat-count\">1<\/span>\n\t\t\t\t\t\t\t\t\t\t\t\t\t\t\t<\/div>\n\n\t\t\t\t\t\t\t\t\t\t\t\t\t<\/div>\n\t\t\t\t\t<\/div>\n\t\t\t\t\t\t\t<\/div>\n\t\t<\/div>\n\t\t\n\n\n\n<p><strong>Consultez les sous-rubriques par ann\u00e9es pour voir le parcours professionnel des anciens de la formation.<\/strong><\/p>\n","protected":false},"excerpt":{"rendered":"<p>Vous \u00eates ancien \u00e9tudiant du DESS \/ M2 et vous souhaitez modifier votre profil ?Vous ne faites pas partie de la liste de diffusion ?Vous souhaitez faire passer un message \u00e0 tous les anciens du M2 ? &gt; Ecrire \u00e0 la responsable Consultez les sous-rubriques par ann\u00e9es pour voir le parcours professionnel des anciens de &hellip; <a href=\"https:\/\/mastertraduction.parisnanterre.fr\/\" class=\"more-link\">Continuer la lecture<span class=\"screen-reader-text\"> de &laquo;&nbsp;Anciens du M2&nbsp;&raquo;<\/span><\/a><\/p>\n","protected":false},"author":3,"featured_media":0,"parent":0,"menu_order":0,"comment_status":"closed","ping_status":"closed","template":"","meta":[],"_links":{"self":[{"href":"https:\/\/mastertraduction.parisnanterre.fr\/index.php?rest_route=\/wp\/v2\/pages\/315"}],"collection":[{"href":"https:\/\/mastertraduction.parisnanterre.fr\/index.php?rest_route=\/wp\/v2\/pages"}],"about":[{"href":"https:\/\/mastertraduction.parisnanterre.fr\/index.php?rest_route=\/wp\/v2\/types\/page"}],"author":[{"embeddable":true,"href":"https:\/\/mastertraduction.parisnanterre.fr\/index.php?rest_route=\/wp\/v2\/users\/3"}],"replies":[{"embeddable":true,"href":"https:\/\/mastertraduction.parisnanterre.fr\/index.php?rest_route=%2Fwp%2Fv2%2Fcomments&post=315"}],"version-history":[{"count":5,"href":"https:\/\/mastertraduction.parisnanterre.fr\/index.php?rest_route=\/wp\/v2\/pages\/315\/revisions"}],"predecessor-version":[{"id":540,"href":"https:\/\/mastertraduction.parisnanterre.fr\/index.php?rest_route=\/wp\/v2\/pages\/315\/revisions\/540"}],"wp:attachment":[{"href":"https:\/\/mastertraduction.parisnanterre.fr\/index.php?rest_route=%2Fwp%2Fv2%2Fmedia&parent=315"}],"curies":[{"name":"wp","href":"https:\/\/api.w.org\/{rel}","templated":true}]}}